{"id":221,"date":"2020-11-11T03:24:37","date_gmt":"2020-11-11T03:24:37","guid":{"rendered":"https:\/\/sites.gc.sjtu.edu.cn\/ccem\/?page_id=221"},"modified":"2021-06-08T04:30:10","modified_gmt":"2021-06-08T04:30:10","slug":"publications-%e5%87%ba%e7%89%88","status":"publish","type":"page","link":"https:\/\/sites.gc.sjtu.edu.cn\/ccem\/publications-%e5%87%ba%e7%89%88\/","title":{"rendered":"Publications"},"content":{"rendered":"<p><span style=\"font-family: arial, helvetica, sans-serif\"><strong>A<\/strong><strong>\u3001<\/strong><strong>Multiscale multiphysics simulations<\/strong><\/span><\/p>\n<p><span style=\"font-family: arial, helvetica, sans-serif\">[1]\u00a0 \u00a0 Xu Zhang , Ran Yi, C P Chen*. Development of a multi-phase flamelet generated manifold for spray combustion simulation. Proceedings of the ASME 2020, Turbomachinery Technical Conference and Exposition. June 22 \u2013 26, 2020, London, England, UK.<\/span><\/p>\n<p><span style=\"font-family: arial, helvetica, sans-serif\">[2] \u00a0 Y. Liu, C. Cheng, V. Ziaei-Rad, Y. Shen*. A micromechanics-informed phase field model for brittle fracture accounting for the unilateral constraint. Engineering Fracture Mechanics. Accepted. (<a href=\"https:\/\/arxiv.org\/abs\/2007.03757\">link<\/a>)<\/span><\/p>\n<p><span style=\"font-family: arial, helvetica, sans-serif\">[3] \u00a0 Y. Wang, Tom\u00e1\u0161 \u0160ikola and Miroslav Kol\u00edbal, Collector Droplet Behavior during Formation of Nanowire Junctions, J. Phys. Chem. Lett., 11, 6498-6504 (2020).<\/span><\/p>\n<p><span style=\"font-family: arial, helvetica, sans-serif\">[4] \u00a0 Wenwei Wu, Enrico Calzavarini, Fran\u00e7ois G. Schmitt, Lipo Wang, Fluctuations and correlations of reactive scalars near chemical equilibrium in incompressible turbulen, PHYSICAL REVIEW FLUIDS 5, 084608 (2020)<\/span><\/p>\n<p><span style=\"font-family: arial, helvetica, sans-serif\">[5] \u00a0 Shouhang Li, Ao Wang, Yue Hu, Xiaokun Gu, Zhen Tong, Hua Bao*\uff0cAnomalous thermal transport in metallic transition-metal nitrides originated from strong electron-phonon interactions,\u00a0Materials Today Physics, 100256, 2020<\/span><\/p>\n<p><span style=\"font-family: arial, helvetica, sans-serif\">[6] \u00a0 Yue Hu#, Tianli Feng#, Xiaokun Gu, Zheyong Fan, Xuefeng Wang, Mark Lundstrom, Som S. Shretha, Hua Bao*,\u00a0Unification of nonequilibrium molecular dynamics and the mode-resolved phonon Boltzmann equation for thermal transport simulations,\u00a0Physical Review B, 101, 155308, 2020<\/span><\/p>\n<p><span style=\"font-family: arial, helvetica, sans-serif\">[7] \u00a0 Ran Yi, Xu Zhang, Tao Yang, C P Chen*. Spray Flamelet Modeling of Kerosene Spray Combustion. AIAA Propulsion and Energy 2019 Forum. Indianapolis, IN, August 19-22, 2019.<\/span><\/p>\n<p><span style=\"font-family: arial, helvetica, sans-serif\">[8] \u00a0 Ran Yi, Xiang Chen, C P Chen. Surrogate for emulating physicochemical and kinetics characteristics of RP-3 aviation fuel. Energy &amp; fuels, 2019.<\/span><\/p>\n<p><span style=\"font-family: arial, helvetica, sans-serif\">[9] \u00a0 Y. Wang, A. C. Meng, P. C. McIntyre and W. Cai, Phase-Field Investigation of the Stages in Radial Growth of Core-Shell Ge\/Ge<sub>1-x<\/sub>Sn<sub>x<\/sub> Nanowires, Nanoscale, 11, 21974-21980 (2019)<\/span><\/p>\n<p><span style=\"font-family: arial, helvetica, sans-serif\">[10] \u00a0 M. Gauding, Lipo Wang, J.H. Goebbert, M. ZBode, L. Danaila, E. Varea, On the self-similarity of line segments in decaying homogeneous isotropic turbulence, Computers and Fluids, 180, 206-217 (2019).<\/span><\/p>\n<p><span style=\"font-family: arial, helvetica, sans-serif\">[11] \u00a0 Y. Wang, P. Woytowitz, D. Mui and W. Cai, Stability of Nano-Fin Arrays Against Collapse Predicted by Phase Field Modeling, J. Vac. Sci. Technol. B, 36(5), 051602 (2018).<\/span><\/p>\n<p><span style=\"font-family: arial, helvetica, sans-serif\">[12] \u00a0 Peipei Zhao, Lipo Wang*, Nilanjan Chakraborty, Analysis of the flame-wall interaction in premixed turbulent combustion, J. Fluid Mech. 2018(848), pp. 193_218. 2018<\/span><\/p>\n<p><span style=\"font-family: arial, helvetica, sans-serif\">[13] \u00a0 Hua Bao*, Jie Chen*, Xiaokun Gu*, Bingyang Cao*, A Review of Simulation Methods for Micro\/Nanoscale Heat Conduction,\u00a0ES Energy &amp; Environment, 1, 16-55, 2018<\/span><\/p>\n<p><span style=\"font-family: arial, helvetica, sans-serif\">[14] \u00a0 Lipo Wang, Analysis of the filtered non-premixed turbulent flame, Combustion and Flame 175: 259-269 (2017)<\/span><\/p>\n<p><span style=\"font-family: arial, helvetica, sans-serif\">[15] \u00a0 Wang, G., Yang, F., Wei Zhao, Chen, C. P., \u201cDirect observation of scalar turbulence in microfluidics at low Reynolds number,\u201d Lab on a Chip, Vol. 16, 1030-1038. 2016.<\/span><\/p>\n<p><span style=\"font-family: arial, helvetica, sans-serif\">[16] \u00a0 Hung, S. W., Shiao, P. Y., Chen, C. P. and Chieng, C. C., \u201cWettability of Graphene-coated Surface: Free Energy Investigations using Molecular Dynamics Simulation\u201d,\u00a0 J. Physical Chem, C, Vol. 119, 8103-8111, 2015.<\/span><\/p>\n<p><span style=\"font-family: arial, helvetica, sans-serif\">[17] \u00a0 Brumback, T. E. and Chen, C. P., \u201cHybrid Modeling of Homogeneous Gas-Phase Reaction,\u201d Monte Carlo Methods and Applications, Vol. 17, pp. 99-116. 2011.<\/span><\/p>\n<p><span style=\"font-family: arial, helvetica, sans-serif\"><strong>B<\/strong><strong>\u3001<\/strong><strong>Computational materials design based on high-throughput simulations and data mining<\/strong><\/span><\/p>\n<p><span style=\"font-family: arial, helvetica, sans-serif\">[1] \u00a0 Y. Liu, K. Weng, Y. Shen*. A Manifold Learning Approach to Accelerate Phase Field Fracture Simulations in the Representative Volume Element. SN Applied Sciences. (<a href=\"https:\/\/arxiv.org\/abs\/2007.09912\">link<\/a>)<\/span><\/p>\n<p><span style=\"font-family: arial, helvetica, sans-serif\">[2] \u00a0 Y. Wang, T. Xie, A. France-Lanord, A. Berkley, J. A. Johnson, Y. Shao-Horn and J. C. Grossman, Toward Designing Highly Conductive Polymer Electrolytes by Machine Learning Assisted Coarse-Grained Molecular Dynamics, Chem. Mater., 32(10), 4144-4151 (2020).<\/span><\/p>\n<p><span style=\"font-family: arial, helvetica, sans-serif\">[3] \u00a0 Xu, Z.; Zhu, H. Anion Charge and Lattice Volume Maps for Searching Lithium Superionic Conductors. Chem. Mater. 2020, 32 (11), 4618\u20134626.<\/span><\/p>\n<p><span style=\"font-family: arial, helvetica, sans-serif\">[4] \u00a0 Han Wei, Hua Bao*, Xiulin Ruan*\uff0cMachine learning prediction of thermal transport in porous media with physics-based descriptors\uff0cInternational Journal of Heat and Mass Transfer, 160, 120176\uff0c2020<\/span><\/p>\n<p><span style=\"font-family: arial, helvetica, sans-serif\">[5] \u00a0 Han Wei, Hua Bao*, Xiulin Ruan*,Genetic algorithm-driven discovery of unexpected thermal conductivity enhancement by disorder.\u00a0Nano Energy, 71, 104619, 2020<\/span><\/p>\n<p><span style=\"font-family: arial, helvetica, sans-serif\">[6] \u00a0 Xu, Z.; Chen, X.; Liu, K.; Chen, R.; Zeng, X.; Zhu, H. Influence of Anion Charge on Li Ion Diffusion in a New Solid-State Electrolyte, Li3LaI6.\u00a0Chemistry of Materials\u00a02019.<\/span><\/p>\n<p><span style=\"font-family: arial, helvetica, sans-serif\">[7] \u00a0 Luo, Z.; Zhu, H.; Ying, T.; Li, D.; Zeng, X. First Principles Calculations on the Influence of Solute Elements and Chlorine Adsorption on the Anodic Corrosion Behavior of Mg (0001) Surface. Surface Science 2018, 672\u2013673, 68\u201374.<\/span><\/p>\n<p><span style=\"font-family: arial, helvetica, sans-serif\">[8] \u00a0 Han Wei, Shuaishuai Zhao, Qingyuan Rong, and Hua Bao*,\u00a0Predicting the effective thermal conductivities of composite materials and porous media by machine learning methods,\u00a0Int. J. Heat Mass Transfer,\u00a0127, 908-916, 2018<\/span><\/p>\n<p><span style=\"font-family: arial, helvetica, sans-serif\">[9] \u00a0 Zhu, H.; Hautier, G.; Aydemir, U.; Gibbs, Z. M.; Li, G.; Bajaj, S.; P\u00f6hls, J.-H.; Broberg, D.; Chen, W.; Jain, A.; White, M. A.; Asta, M.; Snyder, G. J.; Persson, K.; Ceder, G. Computational and Experimental Investigation of TmAgTe2 and XYZ2 Compounds, a New Group of Thermoelectric Materials Identified by First-Principles High-Throughput Screening. J. Mater. Chem. C 2015, 3 (40), 10554\u201310565.<\/span><\/p>\n<p><span style=\"font-family: arial, helvetica, sans-serif\"><strong>C<\/strong><strong>\u3001<\/strong><strong>Electronic design automation and digital design for computation-demanding applications<\/strong><\/span><\/p>\n<p><span style=\"font-family: arial, helvetica, sans-serif\">[1]\u00a0 \u00a0 Y. Wu and W. Qian, \u201cALFANS: Multi-level approximate logic synthesis framework by approximate node simplification,\u201d in IEEE Transactions on Computer-Aided Design of Integrated Circuits and Systems, vol. 39, no. 7, pp. 1470-1483, 2020.<\/span><\/p>\n<p><span style=\"font-family: arial, helvetica, sans-serif\">[2] \u00a0 C. Wang, W. Xiao, J. Hayes, and W. Qian, \u201cExploring target function approximation for stochastic circuit minimization,\u201d in Proceedings of the 2020 IEEE\/ACM International Conference on Computer-Aided Design (ICCAD), virtual event, 2020. (acceptance rate: 27.0%)<\/span><\/p>\n<p><span style=\"font-family: arial, helvetica, sans-serif\">[3] \u00a0 C. Meng, W. Qian, and A. Mishchenko, \u201cALSRAC: approximate logic synthesis by resubstitution with approximate care set,\u201d in Proceedings of the 2020 Design Automation Conference (DAC), virtual event, 2020. (acceptance rate: 23.2%)<\/span><\/p>\n<p><span style=\"font-family: arial, helvetica, sans-serif\">[4] \u00a0 C. Ma, Y. Sun, W. Qian, Z. Meng, R. Yang, and L. Jiang, \u201cGo unary: a novel synapse coding and mapping scheme for reliable ReRAM-based neuromorphic computing,\u201d in Proceedings of the 2020 Design, Automation, and Test in Europe Conference (DATE), virtual event, 2020. (acceptance rate: 25.9%)<\/span><\/p>\n<p><span style=\"font-family: arial, helvetica, sans-serif\">[5] \u00a0 Z. Li, Z. Chen, Y. Zhang, Z. Huang, and W. Qian, \u201cSimultaneous area and latency optimization for stochastic circuits by D flip-flop insertion,\u201d in IEEE Transactions on Computer-Aided Design of Integrated Circuits and Systems, vol. 38, no. 7, pp. 1251-1264, 2019.<\/span><\/p>\n<p><span style=\"font-family: arial, helvetica, sans-serif\">[6] \u00a0 Y. Wu, Y. Li, X. Ge, Y. Gao, and W. Qian, \u201cAn efficient method for calculating the error statistics of block-based approximate adders,\u201d in IEEE Transactions on Computers, vol. 68, no. 1, pp. 21-38, 2019.<\/span><\/p>\n<p><span style=\"font-family: arial, helvetica, sans-serif\">[7] \u00a0 X. Peng and W. Qian, \u201cStochastic circuit synthesis by cube assignment,\u201d in IEEE Transactions on Computer-Aided Design of Integrated Circuits and Systems, vol. 37, no. 12, pp. 3109-3122, 2018.<\/span><\/p>\n<p><span style=\"font-family: arial, helvetica, sans-serif\">[8] \u00a0 Z. Zhou, Y. Yao, S. Huang, S. Su, C. Men, and W. Qian, \u201cDALS: Delay-driven approximate logic synthesis,\u201d in Proceedings of the 2018 IEEE\/ACM International Conference on Computer-Aided Design (ICCAD), San Diego, CA, USA, 2018, pp. 86:1-86:7. (acceptance rate: 24.7%)<\/span><\/p>\n<p><span style=\"font-family: arial, helvetica, sans-serif\">[9] \u00a0\u00a0<span style=\"font-size: 16px\">Su, Y. Wu, and W. Qian, \u201cEfficient batch statistical error estimation for iterative multi-level approximate logic synthesis,\u201d in Proceedings of the 2018 ACM\/IEEE Design Automation Conference (DAC), San Francisco, CA, USA, 2018, pp. 54:1-54:6. (acceptance rate: 24.3%)<\/span><\/span><\/p>\n<p><span style=\"font-family: arial, helvetica, sans-serif\">[10] \u00a0 M. Yang, J. Hayes, D. Fan, and W. Qian, \u201cDesign of accurate stochastic number generators with noisy emerging devices for stochastic computing,\u201d in Proceedings of the 2017 IEEE\/ACM International Conference on Computer-Aided Design (ICCAD), Irvine, CA, USA, 2017, pp. 638-644. (acceptance rate: 26.3%)<\/span><\/p>\n<p><span style=\"font-family: arial, helvetica, sans-serif\">[11] \u00a0 Y. Wu and W. Qian, \u201cAn efficient method for multi-level approximate logic synthesis under error rate constraint\u201d, in Proceedings of the 2016 ACM\/IEEE Design Automation Conference (DAC), Austin, TX, USA, 2016, pp. 128:1-128:6. (acceptance rate: 22.6%)<\/span><\/p>\n<p><span style=\"font-family: arial, helvetica, sans-serif\">[12] \u00a0 Z. Zhao and W. Qian, \u201cA general design of stochastic circuit and its synthesis,\u201d in Proceedings of the 2015 Design, Automation, and Test in Europe Conference (DATE), Grenoble, France, 2015, pp. 1467-1472. (acceptance rate: 22.4%)<\/span><\/p>\n<p><span style=\"font-family: arial, helvetica, sans-serif\">[13] \u00a0 J. Hu and W. Qian, \u201cA new approximate adder with low relative error and correct sign calculation,\u201d in Proceedings of the 2015 Design, Automation, and Test in Europe Conference (DATE), Grenoble, France, 2015, pp. 1449-1454. (acceptance rate: 22.4%)<\/span><\/p>\n<p><span style=\"font-size: 16px;font-family: arial, helvetica, sans-serif\">[14] \u00a0 W. Qian, M. D. Riedel, K. Bazargan, and D. J. Lilja, \u201cThe synthesis of combinational logic to generate probabilities,\u201d in Proceedings of the 2009 IEEE\/ACM International Conference on Computer-Aided Design (ICCAD), San Jose, CA, USA, 2009, pp. 367-374. (acceptance rate: 26.3%)<\/span><\/p>\n<p><span style=\"font-family: arial, helvetica, sans-serif\">[15] \u00a0 W. Qian, X. Li, M. D. Riedel, K. Bazargan, and D. J. Lilja, \u201cAn architecture for fault-tolerant computation with stochastic logic,\u201d in IEEE Transactions on Computers, vol. 60, no. 1, pp. 93-105, 2011.<\/span><\/p>\n<p><span style=\"font-family: arial, helvetica, sans-serif\">[16] \u00a0 W. Qian and M. D. Riedel, \u201cThe synthesis of robust polynomial arithmetic with stochastic logic,\u201d in Proceedings of the 45th ACM\/IEEE Design Automation Conference (DAC), Anaheim, CA, USA, 2008, pp. 648-653. (acceptance rate: 23.0%)<\/span><\/p>\n","protected":false},"excerpt":{"rendered":"<p>A\u3001Multiscale multiphysics simulations [1]\u00a0 \u00a0 Xu Zhang , Ran Yi, C P Chen*. Development of a multi-phase flamelet generated manifold for spray combustion simulation. Proceedings of the ASME 2020, Turbomachinery Technical Conference and Exposition. June 22 \u2013 26, 2020, London, England, UK. [2] \u00a0 Y. Liu, C. Cheng, V. Ziaei-Rad, Y. Shen*. A micromechanics-informed phase &hellip;<\/p>\n<p class=\"read-more\"> <a class=\"\" href=\"https:\/\/sites.gc.sjtu.edu.cn\/ccem\/publications-%e5%87%ba%e7%89%88\/\"> <span class=\"screen-reader-text\">Publications<\/span> Read More &raquo;<\/a><\/p>\n","protected":false},"author":21,"featured_media":0,"parent":0,"menu_order":5,"comment_status":"closed","ping_status":"closed","template":"","meta":{"footnotes":""},"class_list":["post-221","page","type-page","status-publish","hentry"],"_links":{"self":[{"href":"https:\/\/sites.gc.sjtu.edu.cn\/ccem\/wp-json\/wp\/v2\/pages\/221","targetHints":{"allow":["GET"]}}],"collection":[{"href":"https:\/\/sites.gc.sjtu.edu.cn\/ccem\/wp-json\/wp\/v2\/pages"}],"about":[{"href":"https:\/\/sites.gc.sjtu.edu.cn\/ccem\/wp-json\/wp\/v2\/types\/page"}],"author":[{"embeddable":true,"href":"https:\/\/sites.gc.sjtu.edu.cn\/ccem\/wp-json\/wp\/v2\/users\/21"}],"replies":[{"embeddable":true,"href":"https:\/\/sites.gc.sjtu.edu.cn\/ccem\/wp-json\/wp\/v2\/comments?post=221"}],"version-history":[{"count":12,"href":"https:\/\/sites.gc.sjtu.edu.cn\/ccem\/wp-json\/wp\/v2\/pages\/221\/revisions"}],"predecessor-version":[{"id":608,"href":"https:\/\/sites.gc.sjtu.edu.cn\/ccem\/wp-json\/wp\/v2\/pages\/221\/revisions\/608"}],"wp:attachment":[{"href":"https:\/\/sites.gc.sjtu.edu.cn\/ccem\/wp-json\/wp\/v2\/media?parent=221"}],"curies":[{"name":"wp","href":"https:\/\/api.w.org\/{rel}","templated":true}]}}